{"id":50,"date":"2025-11-11T15:00:06","date_gmt":"2025-11-11T15:00:06","guid":{"rendered":"https:\/\/www.bsc-lingenfeld.de\/new\/?page_id=50"},"modified":"2026-04-14T13:52:59","modified_gmt":"2026-04-14T13:52:59","slug":"timeline","status":"publish","type":"page","link":"https:\/\/www.bsc-lingenfeld.de\/index.php\/timeline\/","title":{"rendered":"Timeline"},"content":{"rendered":"\n<div class=\"wp-block-cp-timeline-content-timeline-block Cool-Content-Timeline\"><div class=\"cool-timeline-block-981caa1e-0c40-4dc3-b25a-bbb6e07058fb\"><div class=\"cool-vertical-timeline-body ctlb-wrapper both-sided left\"><div class=\"cool-timeline-block-list\">\n<div class=\"wp-block-cp-timeline-content-timeline-block-child swiper-slide\"><div class=\"timeline-content icon-false \"><div class=\"timeline-block-timeline ctl-row  position-right\"><div class=\"ctl-6 timeline-block-time\"><div class=\"story-time\"><p>03.bis 05. Oktober 2025<\/p><\/div><\/div><div class=\"timeline-block-icon\"><svg stroke=\"currentColor\" fill=\"currentColor\" stroke-width=\"0\" viewBox=\"0 0 512 512\" height=\"1em\" width=\"1em\" xmlns=\"http:\/\/www.w3.org\/2000\/svg\"><path d=\"M256 8C119 8 8 119 8 256s111 248 248 248 248-111 248-248S393 8 256 8z\"><\/path><\/svg><\/div><div class=\"ctl-6 timeline-block-detail\"><div class=\"story-details\"><div class=\"story-content\">\n<h3 class=\"wp-block-heading ctlb-block-title\" style=\"padding-top:0px;padding-right:0px;padding-bottom:0px;padding-left:0px\">Lingenfeld<\/h3>\n\n\n\n<p class=\"ctlb-block-desc\" style=\"padding-top:0px;padding-right:0px;padding-bottom:0px;padding-left:0px\">Auf unserem Vereinsgel\u00e4nde fand das Vereinsturnier und Einladungsturnier statt.<\/p>\n<\/div><\/div><\/div><\/div><\/div><\/div>\n\n\n\n<div class=\"wp-block-cp-timeline-content-timeline-block-child swiper-slide\"><div class=\"timeline-content icon-false \"><div class=\"timeline-block-timeline ctl-row  position-left\"><div class=\"ctl-6 timeline-block-time\"><div class=\"story-time\"><p>14. September 2025<\/p><\/div><\/div><div class=\"timeline-block-icon\"><svg stroke=\"currentColor\" fill=\"currentColor\" stroke-width=\"0\" viewBox=\"0 0 512 512\" height=\"1em\" width=\"1em\" xmlns=\"http:\/\/www.w3.org\/2000\/svg\"><path d=\"M256 8C119 8 8 119 8 256s111 248 248 248 248-111 248-248S393 8 256 8z\"><\/path><\/svg><\/div><div class=\"ctl-6 timeline-block-detail\"><div class=\"story-details\"><div class=\"story-content\">\n<h3 class=\"wp-block-heading ctlb-block-title\" style=\"padding-top:0px;padding-right:0px;padding-bottom:0px;padding-left:0px\">Insheim<\/h3>\n\n\n\n<p class=\"ctlb-block-desc\" style=\"padding-top:0px;padding-right:0px;padding-bottom:0px;padding-left:0px\">In Insheim fanden sich am 14. September bei idealem Wetter f\u00fcr das Bogenschie\u00dfen \u00fcber 60 begeisterte Bogensch\u00fctzen zum 15. Palatina 3D-Bogenturnier ein. Hier haben alle Teilnehmer des BSC Lingenfeld Pl\u00e4tze unter den ersten 10 belegt (Fabienne Ille Platz 7 und Danny Pauli Platz 6). Besonders hervorzuheben ist der erste Platz von Stefan Abele mit 474 Punkten in der Klasse &#8222;Holzbogen\u201d und der zweite Platz von Andreas Risch mit 494 Punkten in der Klasse &#8222;Traditionell\u201d. Am Vormittag eine sogenannte Jagdrunde gewertet, bei der pro Tieratrappe maximal 3 Pfeile -sofern mit den vorherigen nich getroffen wurde &#8211; geschossen werden d\u00fcrfen. Am Nachmittag gab es eine Hunterrunde mit nur einem Schuss pro Ziel. Das besondere in Insheim ist die Einteilung der Bogenklassen. Hier wird nicht wie \u00fcblich nach der Art des Bogens (z.B. Langbogen, Recirved) unterschieden, sondern nach der Art der Pfeile. Somit gab es 3 Klassen. Zum einen Traditionell Open, bei der mit Carbonpfeilen geschossen wurde. Zum anderen Traditionell, bei der mit Holzpfeilen geschossen wurde. Lediglich die Sch\u00fctzen mit Primitivb\u00f6gen (hier Holzbogen) blieben wie \u00fcblich unter sich. Das Besondere bei dem 15. Turnier der Palatina Bogensch\u00fctzen war ein kleines Zwischenturnier w\u00e4hrend die Ergebnisse ausgewertet wurden. Hierbei konnte ein Elwedritsche Figur gewonnen werden.<\/p>\n<\/div><\/div><\/div><\/div><\/div><\/div>\n\n\n\n<div class=\"wp-block-cp-timeline-content-timeline-block-child swiper-slide\"><div class=\"timeline-content icon-false \"><div class=\"timeline-block-timeline ctl-row  position-right\"><div class=\"ctl-6 timeline-block-time\"><div class=\"story-time\"><p>26. und 27. Juni 2025<\/p><\/div><\/div><div class=\"timeline-block-icon\"><svg stroke=\"currentColor\" fill=\"currentColor\" stroke-width=\"0\" viewBox=\"0 0 512 512\" height=\"1em\" width=\"1em\" xmlns=\"http:\/\/www.w3.org\/2000\/svg\"><path d=\"M256 8C119 8 8 119 8 256s111 248 248 248 248-111 248-248S393 8 256 8z\"><\/path><\/svg><\/div><div class=\"ctl-6 timeline-block-detail\"><div class=\"story-details\"><div class=\"story-content\">\n<h3 class=\"wp-block-heading ctlb-block-title\" style=\"padding-top:0px;padding-right:0px;padding-bottom:0px;padding-left:0px\">Schefflenz<\/h3>\n\n\n\n<p class=\"ctlb-block-desc\" style=\"padding-top:0px;padding-right:0px;padding-bottom:0px;padding-left:0px\">Schefflenz fanden sich am 26. und 27. Juli trotz schlechtem Wetter 160 begeisterte Bogensch\u00fctzen zu einem 3D-Bogenturnier ein. Peter Becker hat mit 802 Punkten in der Klasse &#8222;Traditioneller Recurvebogen&#8220; (TRB) und Stefan Abele hat mit 542 Punkten in der Klasse &#8222;Primitivbogen&#8220; (PB) jeweils den zweiten Platz erreicht. Samstags wurde eine sogenannte Jagdrunde gewertet, bei der pro Tieratrappe maximal 3 Pfeile -sofern mit den vorherigen nich getroffen wurde &#8211; geschossen werden d\u00fcrfen. Sonntags gab es eine Hunterrunde mit nur einem Schuss pro Ziel.<\/p>\n<\/div><\/div><\/div><\/div><\/div><\/div>\n<\/div><\/div><\/div><\/div>\n","protected":false},"excerpt":{"rendered":"","protected":false},"author":1,"featured_media":0,"parent":0,"menu_order":1,"comment_status":"closed","ping_status":"closed","template":"","meta":{"footnotes":""},"class_list":["post-50","page","type-page","status-publish","hentry"],"_links":{"self":[{"href":"https:\/\/www.bsc-lingenfeld.de\/index.php\/wp-json\/wp\/v2\/pages\/50","targetHints":{"allow":["GET"]}}],"collection":[{"href":"https:\/\/www.bsc-lingenfeld.de\/index.php\/wp-json\/wp\/v2\/pages"}],"about":[{"href":"https:\/\/www.bsc-lingenfeld.de\/index.php\/wp-json\/wp\/v2\/types\/page"}],"author":[{"embeddable":true,"href":"https:\/\/www.bsc-lingenfeld.de\/index.php\/wp-json\/wp\/v2\/users\/1"}],"replies":[{"embeddable":true,"href":"https:\/\/www.bsc-lingenfeld.de\/index.php\/wp-json\/wp\/v2\/comments?post=50"}],"version-history":[{"count":19,"href":"https:\/\/www.bsc-lingenfeld.de\/index.php\/wp-json\/wp\/v2\/pages\/50\/revisions"}],"predecessor-version":[{"id":219,"href":"https:\/\/www.bsc-lingenfeld.de\/index.php\/wp-json\/wp\/v2\/pages\/50\/revisions\/219"}],"wp:attachment":[{"href":"https:\/\/www.bsc-lingenfeld.de\/index.php\/wp-json\/wp\/v2\/media?parent=50"}],"curies":[{"name":"wp","href":"https:\/\/api.w.org\/{rel}","templated":true}]}}