{"id":49,"date":"2025-11-11T14:53:58","date_gmt":"2025-11-11T14:53:58","guid":{"rendered":"https:\/\/www.bsc-lingenfeld.de\/new\/?page_id=49"},"modified":"2026-04-14T14:59:28","modified_gmt":"2026-04-14T14:59:28","slug":"aktuelles","status":"publish","type":"page","link":"https:\/\/www.bsc-lingenfeld.de\/","title":{"rendered":"Home"},"content":{"rendered":"\n<p>Willkommen auf der Homepage des BSC Lingenfeld.<\/p>\n\n\n\n<p><\/p>\n\n\n\n<p><\/p>\n\n\n\n<p>Gegr\u00fcndet wurde der Verein am 03.04.1978.<\/p>\n\n\n\n<p>1999 bekamen wir einen Pachtvertrag f\u00fcr das jetzige Vereinsgel\u00e4nde auf dem ein 3D-Parcours gestellt ist. <br><br>Bis 2019 gab es j\u00e4hrlich ein Turnier mit ca. 150 Sch\u00fctzen aus Deutschland, Schweiz, Luxemburg und Frankreich (37 Turniere).<\/p>\n\n\n\n<p><br>Gr\u00f6\u00dftenteils sind wir im traditionellen Bereich unterwegs. Es gibt aber auch Compoundsch\u00fctzen unter uns. <br>Den Mitgliedern steht ein kleiner 3D Parcours zur Verf\u00fcgung, der mit Begleitung eines Vereinsmitgliedes auch von G\u00e4sten besucht werden kann. <\/p>\n\n\n\n<p>Ein gemeinsames Zusammensein findet meist am ersten Sonntag im Monat statt. An der Vereinsh\u00fctte direkt am Parcours gibt es eine Grillm\u00f6glichkeit.<br><\/p>\n\n\n\n<p><\/p>\n","protected":false},"excerpt":{"rendered":"<p>Willkommen auf der Homepage des BSC Lingenfeld. Gegr\u00fcndet wurde der Verein am 03.04.1978. 1999 bekamen wir einen Pachtvertrag f\u00fcr das jetzige Vereinsgel\u00e4nde auf dem ein 3D-Parcours gestellt ist. Bis 2019 gab es j\u00e4hrlich ein Turnier mit ca. 150 Sch\u00fctzen aus Deutschland, Schweiz, Luxemburg und Frankreich (37 Turniere). Gr\u00f6\u00dftenteils sind wir im traditionellen Bereich unterwegs. Es [&hellip;]<\/p>\n","protected":false},"author":1,"featured_media":0,"parent":0,"menu_order":0,"comment_status":"closed","ping_status":"closed","template":"","meta":{"footnotes":""},"class_list":["post-49","page","type-page","status-publish","hentry"],"_links":{"self":[{"href":"https:\/\/www.bsc-lingenfeld.de\/index.php\/wp-json\/wp\/v2\/pages\/49","targetHints":{"allow":["GET"]}}],"collection":[{"href":"https:\/\/www.bsc-lingenfeld.de\/index.php\/wp-json\/wp\/v2\/pages"}],"about":[{"href":"https:\/\/www.bsc-lingenfeld.de\/index.php\/wp-json\/wp\/v2\/types\/page"}],"author":[{"embeddable":true,"href":"https:\/\/www.bsc-lingenfeld.de\/index.php\/wp-json\/wp\/v2\/users\/1"}],"replies":[{"embeddable":true,"href":"https:\/\/www.bsc-lingenfeld.de\/index.php\/wp-json\/wp\/v2\/comments?post=49"}],"version-history":[{"count":11,"href":"https:\/\/www.bsc-lingenfeld.de\/index.php\/wp-json\/wp\/v2\/pages\/49\/revisions"}],"predecessor-version":[{"id":253,"href":"https:\/\/www.bsc-lingenfeld.de\/index.php\/wp-json\/wp\/v2\/pages\/49\/revisions\/253"}],"wp:attachment":[{"href":"https:\/\/www.bsc-lingenfeld.de\/index.php\/wp-json\/wp\/v2\/media?parent=49"}],"curies":[{"name":"wp","href":"https:\/\/api.w.org\/{rel}","templated":true}]}}