{"id":2,"date":"2025-10-26T10:55:20","date_gmt":"2025-10-26T10:55:20","guid":{"rendered":"https:\/\/www.bsc-lingenfeld.de\/new\/?page_id=2"},"modified":"2026-04-14T14:58:29","modified_gmt":"2026-04-14T14:58:29","slug":"sample-page","status":"publish","type":"page","link":"https:\/\/www.bsc-lingenfeld.de\/index.php\/sample-page\/","title":{"rendered":"Training"},"content":{"rendered":"\n<div class=\"wp-block-columns is-layout-flex wp-container-core-columns-is-layout-9d6595d7 wp-block-columns-is-layout-flex\">\n<div class=\"wp-block-column is-layout-flow wp-block-column-is-layout-flow\" style=\"flex-basis:100%\">\n<p><strong>Mitglieder k\u00f6nnen jederzeit auf unserem Platz trainieren.\u00a0<\/strong><\/p>\n<h3><strong>Gemeinsames Training f\u00fcr Anf\u00e4nger, Kinder und Jugendliche:\u00a0<\/strong><\/h3>\n<p><strong>Winterzeit:<\/strong> jeden Sonntag um 13.00 Uhr -14.30 Uhr<br \/><strong>Sommerzeit<\/strong>: jeden Donnerstag um 17.00 Uhr &#8211; 18.30 Uhr\u00a0<\/p>\n<h3><strong>Probetraining f\u00fcr alle mit Interesse am Bogenschie\u00dfen: <\/strong><\/h3>\n<p>Wer mal in das Bogenschie\u00dfen reinschnuppern m\u00f6chte, kann sich gerne bei unserem Jugendwart f\u00fcr ein kostenloses Probetraining melden.\u00a0<br \/>Es wird keine Ausr\u00fcstung ben\u00f6tigt.\u00a0<\/p>\n<div class=\"nof-centerContent\">\n<div id=\"LayoutLYR\">\n<div id=\"Text1LYR\" class=\"TextObject\">\n<p><b>Jugendwart:<\/b><\/p>\n<\/div>\n<\/div>\n<\/div>\n<p><span style=\"font-size: revert; color: initial;\">Andreas Dalinger<br \/><\/span><span style=\"font-size: revert; color: initial;\">\u260e 0176-81222133<br \/><\/span><span style=\"font-size: revert; color: initial;\"><strong><span class=\"gs_tkn\">\u2709 <\/span><\/strong>jugendwart@bsc-lingendeld.de<\/span><\/p>\n<\/div>\n<\/div>\n","protected":false},"excerpt":{"rendered":"<p>Mitglieder k\u00f6nnen jederzeit auf unserem Platz trainieren.\u00a0 Gemeinsames Training f\u00fcr Anf\u00e4nger, Kinder und Jugendliche:\u00a0 Winterzeit: jeden Sonntag um 13.00 Uhr -14.30 UhrSommerzeit: jeden Donnerstag um 17.00 Uhr &#8211; 18.30 Uhr\u00a0 Probetraining f\u00fcr alle mit Interesse am Bogenschie\u00dfen: Wer mal in das Bogenschie\u00dfen reinschnuppern m\u00f6chte, kann sich gerne bei unserem Jugendwart f\u00fcr ein kostenloses Probetraining melden.\u00a0Es [&hellip;]<\/p>\n","protected":false},"author":1,"featured_media":0,"parent":0,"menu_order":3,"comment_status":"closed","ping_status":"open","template":"","meta":{"footnotes":""},"class_list":["post-2","page","type-page","status-publish","hentry"],"_links":{"self":[{"href":"https:\/\/www.bsc-lingenfeld.de\/index.php\/wp-json\/wp\/v2\/pages\/2","targetHints":{"allow":["GET"]}}],"collection":[{"href":"https:\/\/www.bsc-lingenfeld.de\/index.php\/wp-json\/wp\/v2\/pages"}],"about":[{"href":"https:\/\/www.bsc-lingenfeld.de\/index.php\/wp-json\/wp\/v2\/types\/page"}],"author":[{"embeddable":true,"href":"https:\/\/www.bsc-lingenfeld.de\/index.php\/wp-json\/wp\/v2\/users\/1"}],"replies":[{"embeddable":true,"href":"https:\/\/www.bsc-lingenfeld.de\/index.php\/wp-json\/wp\/v2\/comments?post=2"}],"version-history":[{"count":6,"href":"https:\/\/www.bsc-lingenfeld.de\/index.php\/wp-json\/wp\/v2\/pages\/2\/revisions"}],"predecessor-version":[{"id":252,"href":"https:\/\/www.bsc-lingenfeld.de\/index.php\/wp-json\/wp\/v2\/pages\/2\/revisions\/252"}],"wp:attachment":[{"href":"https:\/\/www.bsc-lingenfeld.de\/index.php\/wp-json\/wp\/v2\/media?parent=2"}],"curies":[{"name":"wp","href":"https:\/\/api.w.org\/{rel}","templated":true}]}}